{"id":335,"date":"2016-05-01T08:25:52","date_gmt":"2016-05-01T06:25:52","guid":{"rendered":"http:\/\/create.themetrust.com\/?page_id=335"},"modified":"2024-12-20T13:26:18","modified_gmt":"2024-12-20T12:26:18","slug":"angebot","status":"publish","type":"page","link":"https:\/\/www.frei-stil.ch\/index.php\/angebot\/","title":{"rendered":"Angebot"},"content":{"rendered":"<div id=\"pl-335\"  class=\"panel-layout\" ><div id=\"pg-335-0\"  class=\"panel-grid panel-has-style\" ><div class=\"siteorigin-panels-stretch panel-row-style panel-row-style-for-335-0\" style=\"padding-top: 40px; \" data-stretch-type=\"full\" ><div id=\"pgc-335-0-0\"  class=\"panel-grid-cell panel-grid-cell-empty\" ><\/div><div id=\"pgc-335-0-1\"  class=\"panel-grid-cell panel-grid-cell-mobile-last\" ><div id=\"panel-335-0-1-0\" class=\"so-panel widget widget_black-studio-tinymce widget_black_studio_tinymce panel-first-child panel-last-child\" data-index=\"0\" ><div class=\"textwidget\"><h3 style=\"text-align: center;\"><span style=\"color: #242424;\">Dienstleistungen<br \/> <\/span><\/h3>\n<p style=\"text-align: center;\">freistil bietet ein breites Dienstleistungsangebot in den Fachgebieten Gesundheitsf\u00f6rderung und nachhaltige Entwicklung. Der Fokus liegt auf den Themen Ern\u00e4hrung und Bewegung. Haben Sie Interesse oder Fragen zum Angebot? &gt;&gt; <a href=\"https:\/\/www.frei-stil.ch\/index.php\/kontakt\/\">KONTAKT <\/a><\/p>\n<p style=\"text-align: center;\">\u00a0<\/p>\n<\/div><\/div><\/div><div id=\"pgc-335-0-2\"  class=\"panel-grid-cell panel-grid-cell-empty\" ><\/div><\/div><\/div><div id=\"pg-335-1\"  class=\"panel-grid panel-has-style\" ><div class=\"siteorigin-panels-stretch panel-row-style panel-row-style-for-335-1\" style=\"padding-top: 50px; padding-bottom: 50px; \" data-stretch-type=\"full\" ><div id=\"pgc-335-1-0\"  class=\"panel-grid-cell\" ><div id=\"panel-335-1-0-0\" class=\"so-panel widget widget_sow-features panel-first-child panel-last-child\" data-index=\"1\" ><div class=\"panel-widget-style panel-widget-style-for-335-1-0-0\" ><div\n\t\t\t\n\t\t\tclass=\"so-widget-sow-features so-widget-sow-features-default-bfa4cd8574fc-335\"\n\t\t\t\n\t\t><ul\n\tclass=\"sow-features-list\n\tsow-features-responsive\">\n\n\t\t\t<li\n\t\t\tclass=\"sow-features-feature sow-icon-container-position-top\"\n\t\t\tstyle=\"display: flex; flex-direction: column; width: calc(33.333% - 25px);\"\n\t\t>\n\t\t\t\n\t\t\t\t\t\t\t<div class=\"sow-features-feature-right-left-container\" style=\"display: flex; flex-direction: inherit;\">\n\t\t\t\t\t\t\t<div\t\t\t\tclass=\"sow-icon-container sow-container-none\"\n\t\t\t\tstyle=\"color: ; \"\n\t\t\t\t\n\t\t\t\t\t\t\t>\n\t\t\t\t<span class=\"sow-icon-fontawesome sow-fas\" data-sow-icon=\"&#xf085;\"\n\t\tstyle=\"font-size: 40px; color: #00cc99\" \n\t\taria-hidden=\"true\"><\/span>\t\t\t<\/div>\n\n\t\t\t<div class=\"textwidget\">\n\t\t\t\t\t\t\t\t\t<div class=\"sow-features-feature-content\">\n\t\t\t\t\n\t\t\t\t\t\t\t\t\t<h5 class=\"sow-features-feature-title\">\n\t\t\t\t\t\tProjektmanagement\t\t\t\t\t<\/h5>\n\t\t\t\t\n\t\t\t\t\t\t\t\t\t<div class=\"sow-features-feature-text\">\n\t\t\t\t\t<p>freistil \u00fcbernimmt einzelne Schritte oder die Gesamtleitung von Projekten: von der Recherche \u00fcber die Konzeption bis hin zur Umsetzung.<\/p>\n\t\t\t\t\t<\/div>\n\t\t\t\t\t\t\t\t\t\t<\/div>\n\t\t\t\t\t<p class=\"sow-more-text\">\n\t\t\t\t\t\t<a href=\"https:\/\/www.frei-stil.ch\/index.php\/project\/lunchidee\/\" >\t\t\t\t\t\tz.B. Projektentwicklung und -leitung des Pilotprojekts lunchidee\t\t\t\t\t\t<\/a>\t\t\t\t\t<\/p>\n\t\t\t\t\t\t\t<\/div>\n\t\t\t\t\t\t\t<\/div>\n\t\t\t\t\t\t\t\t<\/li>\n\n\t\t\t<li\n\t\t\tclass=\"sow-features-feature sow-icon-container-position-top\"\n\t\t\tstyle=\"display: flex; flex-direction: column; width: calc(33.333% - 25px);\"\n\t\t>\n\t\t\t\n\t\t\t\t\t\t\t<div class=\"sow-features-feature-right-left-container\" style=\"display: flex; flex-direction: inherit;\">\n\t\t\t\t\t\t\t<div\t\t\t\tclass=\"sow-icon-container sow-container-none\"\n\t\t\t\tstyle=\"color: ; \"\n\t\t\t\t\n\t\t\t\t\t\t\t>\n\t\t\t\t<span class=\"sow-icon-fontawesome sow-far\" data-sow-icon=\"&#xf086;\"\n\t\tstyle=\"font-size: 40px; color: #00cc99\" \n\t\taria-hidden=\"true\"><\/span>\t\t\t<\/div>\n\n\t\t\t<div class=\"textwidget\">\n\t\t\t\t\t\t\t\t\t<div class=\"sow-features-feature-content\">\n\t\t\t\t\n\t\t\t\t\t\t\t\t\t<h5 class=\"sow-features-feature-title\">\n\t\t\t\t\t\tBeratung\t\t\t\t\t<\/h5>\n\t\t\t\t\n\t\t\t\t\t\t\t\t\t<div class=\"sow-features-feature-text\">\n\t\t\t\t\t<p>freistil bietet fachliche Beratungen im Bereich nachhaltige und gesunde Ern\u00e4hrung und Gastronomie sowie Expertisen zu den Themen Ern\u00e4hrung und Bewegung, Gesundheitsf\u00f6rderung und Nachhaltige Entwicklung.<\/p>\n\t\t\t\t\t<\/div>\n\t\t\t\t\t\t\t\t\t\t<\/div>\n\t\t\t\t\t<p class=\"sow-more-text\">\n\t\t\t\t\t\t<a href=\"https:\/\/www.frei-stil.ch\/index.php\/project\/healthy3\/\" >\t\t\t\t\t\tz.B. healthy3 Fachberatungen zu nachhaltiger Ern\u00e4hrung\t\t\t\t\t\t<\/a>\t\t\t\t\t<\/p>\n\t\t\t\t\t\t\t<\/div>\n\t\t\t\t\t\t\t<\/div>\n\t\t\t\t\t\t\t\t<\/li>\n\n\t\t\t<li\n\t\t\tclass=\"sow-features-feature sow-icon-container-position-top\"\n\t\t\tstyle=\"display: flex; flex-direction: column; width: calc(33.333% - 25px);\"\n\t\t>\n\t\t\t\n\t\t\t\t\t\t\t<div class=\"sow-features-feature-right-left-container\" style=\"display: flex; flex-direction: inherit;\">\n\t\t\t\t\t\t\t<div\t\t\t\tclass=\"sow-icon-container sow-container-none\"\n\t\t\t\tstyle=\"color: ; \"\n\t\t\t\t\n\t\t\t\t\t\t\t>\n\t\t\t\t<span class=\"sow-icon-fontawesome sow-far\" data-sow-icon=\"&#xf279;\"\n\t\tstyle=\"font-size: 40px; color: #00cc99\" \n\t\taria-hidden=\"true\"><\/span>\t\t\t<\/div>\n\n\t\t\t<div class=\"textwidget\">\n\t\t\t\t\t\t\t\t\t<div class=\"sow-features-feature-content\">\n\t\t\t\t\n\t\t\t\t\t\t\t\t\t<h5 class=\"sow-features-feature-title\">\n\t\t\t\t\t\tKommunikation\t\t\t\t\t<\/h5>\n\t\t\t\t\n\t\t\t\t\t\t\t\t\t<div class=\"sow-features-feature-text\">\n\t\t\t\t\t<p>freistil \u00fcbernimmt redaktionelle T\u00e4tigkeiten und erarbeitet Kommunikationsmassnahmen in Zusammenarbeit mit Fachpartnern.<\/p>\n\t\t\t\t\t<\/div>\n\t\t\t\t\t\t\t\t\t\t<\/div>\n\t\t\t\t\t<p class=\"sow-more-text\">\n\t\t\t\t\t\t<a href=\"https:\/\/www.frei-stil.ch\/index.php\/project\/auf-stehen\/\" >\t\t\t\t\t\tz.B. Konzeption und Umsetzung der Sensibilisierungsaktion Aufstehen in Zusammenarbeit mit Fachpartnern\t\t\t\t\t\t<\/a>\t\t\t\t\t<\/p>\n\t\t\t\t\t\t\t<\/div>\n\t\t\t\t\t\t\t<\/div>\n\t\t\t\t\t\t\t\t<\/li>\n\n\t<\/ul>\n<\/div><\/div><\/div><\/div><\/div><\/div><div id=\"pg-335-2\"  class=\"panel-grid panel-has-style\" ><div class=\"siteorigin-panels-stretch equal-column-height panel-row-style panel-row-style-for-335-2\" style=\"padding-top: 0px; padding-bottom: 0px; padding-left: 0px; padding-right: 0px; \" data-stretch-type=\"full-width-stretch\" ><div id=\"pgc-335-2-0\"  class=\"panel-grid-cell\" ><div id=\"panel-335-2-0-0\" class=\"so-panel widget widget_black-studio-tinymce widget_black_studio_tinymce panel-first-child panel-last-child\" data-index=\"2\" ><div class=\"panel-widget-style panel-widget-style-for-335-2-0-0\" ><div class=\"textwidget\"><h3>FACHKOMPETENZ<\/h3>\n<p style=\"text-align: left;\"><span style=\"color: #808080;\"><a href=\"https:\/\/www.frei-stil.ch\/index.php\/portrait\/\">Sophie Frei<\/a> <span style=\"color: #ffffff;\">arbeitet an der Schnittstelle zwischen Theorie und Praxis und greift daf\u00fcr auf ihre Qualifikation als Ern\u00e4hrungswissenschaftlerin, mehrj\u00e4hrige Berufserfahrung und ein grosses Netzwerk in den Bereichen Gesundheitsf\u00f6rderung und Pr\u00e4vention zur\u00fcck. Zus\u00e4tzlich weist sie eine fachliche Qualifikation sowie ein erweitertes Netzwerk im Bereich nachhaltige Entwicklung vor. <\/span><br \/>\n<\/span><\/p>\n<\/div><\/div><\/div><\/div><div id=\"pgc-335-2-1\"  class=\"panel-grid-cell\" ><div id=\"panel-335-2-1-0\" class=\"so-panel widget widget_ttrust_spacer create-spacer panel-first-child panel-last-child\" data-index=\"3\" ><div class=\"panel-widget-style panel-widget-style-for-335-2-1-0\" >\t\t\t\t<div id=\"widget-2-1-0\" class=\"create-spacer\" style=\"height: 250px;\"><\/div>\n\t\t\t<\/div><\/div><\/div><div id=\"pgc-335-2-2\"  class=\"panel-grid-cell\" ><div id=\"panel-335-2-2-0\" class=\"so-panel widget widget_black-studio-tinymce widget_black_studio_tinymce panel-first-child panel-last-child\" data-index=\"4\" ><div class=\"panel-widget-style panel-widget-style-for-335-2-2-0\" ><div class=\"textwidget\"><h3>INTERDISZIPLINARIT\u00c4T<\/h3>\n<p><span style=\"color: #808080;\"><span style=\"color: #ffffff;\">Gesundheitsf\u00f6rderung und nachhaltige Entwicklung sind Querschnittsthemen. Dies setzt inter- und transdisziplin\u00e4res Denken und Handeln voraus. freistil bietet Orientierung, nutzt Synergien und arbeitet mit Partnern unterschiedlicher Fachdisziplinen zusammen.<\/span><br \/>\n<\/span><\/p>\n<\/div><\/div><\/div><\/div><\/div><\/div><div id=\"pg-335-3\"  class=\"panel-grid panel-has-style\" ><div class=\"siteorigin-panels-stretch equal-column-height panel-row-style panel-row-style-for-335-3\" style=\"padding-top: 0px; padding-bottom: 0px; padding-left: 0px; padding-right: 0px; \" data-stretch-type=\"full-width-stretch\" ><div id=\"pgc-335-3-0\"  class=\"panel-grid-cell\" ><div id=\"panel-335-3-0-0\" class=\"so-panel widget widget_ttrust_spacer create-spacer panel-first-child panel-last-child\" data-index=\"5\" ><div class=\"panel-widget-style panel-widget-style-for-335-3-0-0\" >\t\t\t\t<div id=\"widget-3-0-0\" class=\"create-spacer\" style=\"height: 250px;\"><\/div>\n\t\t\t<\/div><\/div><\/div><div id=\"pgc-335-3-1\"  class=\"panel-grid-cell\" ><div id=\"panel-335-3-1-0\" class=\"so-panel widget widget_black-studio-tinymce widget_black_studio_tinymce panel-first-child panel-last-child\" data-index=\"6\" ><div class=\"panel-widget-style panel-widget-style-for-335-3-1-0\" ><div class=\"textwidget\"><h3>KREATIVIT\u00c4T<\/h3>\n<p><span style=\"color: #333333;\">freistil \u00fcbersetzt wissenschaftliche Grundlagen in klare, kreative und zielgruppengerechte Informationen. Bei der Entwicklung von Ideen legt freistil Wert auf Authentizit\u00e4t, Praxisn\u00e4he und Aktualit\u00e4t.<br \/><\/span><\/p>\n<\/div><\/div><\/div><\/div><div id=\"pgc-335-3-2\"  class=\"panel-grid-cell\" ><div id=\"panel-335-3-2-0\" class=\"so-panel widget widget_ttrust_spacer create-spacer panel-first-child panel-last-child\" data-index=\"7\" ><div class=\"panel-widget-style panel-widget-style-for-335-3-2-0\" >\t\t\t\t<div id=\"widget-3-2-0\" class=\"create-spacer\" style=\"height: 250px;\"><\/div>\n\t\t\t<\/div><\/div><\/div><\/div><\/div><div id=\"pg-335-4\"  class=\"panel-grid panel-has-style\" ><div class=\"siteorigin-panels-stretch panel-row-style panel-row-style-for-335-4\" style=\"padding-top: 50px; padding-bottom: 0px; \" data-stretch-type=\"full\" ><div id=\"pgc-335-4-0\"  class=\"panel-grid-cell panel-grid-cell-empty\" ><\/div><div id=\"pgc-335-4-1\"  class=\"panel-grid-cell panel-grid-cell-mobile-last\" ><div id=\"panel-335-4-1-0\" class=\"so-panel widget widget_black-studio-tinymce widget_black_studio_tinymce panel-first-child panel-last-child\" data-index=\"8\" ><div class=\"textwidget\"><h3 style=\"text-align: center;\"><span style=\"color: #242424;\">Fachpartner<br \/>\n<\/span><\/h3>\n<p style=\"text-align: center;\">Je nach Auftrag arbeitet freistil mit Fachpersonen aus Ern\u00e4hrung, Bewegung, Gesundheitsf\u00f6rderung, nachhaltige Entwicklung und Kommunikation zusammen, wie z.B. mit:<\/p>\n<p style=\"text-align: center;\">\n<\/div><\/div><\/div><div id=\"pgc-335-4-2\"  class=\"panel-grid-cell panel-grid-cell-empty\" ><\/div><\/div><\/div><div id=\"pg-335-5\"  class=\"panel-grid panel-no-style\" ><div id=\"pgc-335-5-0\"  class=\"panel-grid-cell panel-grid-cell-empty\" ><\/div><\/div><div id=\"pg-335-6\"  class=\"panel-grid panel-has-style\" ><div class=\"siteorigin-panels-stretch panel-row-style panel-row-style-for-335-6\" style=\"padding-top: 0px; padding-bottom: 0px; \" data-stretch-type=\"full\" ><div id=\"pgc-335-6-0\"  class=\"panel-grid-cell\" ><div id=\"panel-335-6-0-0\" class=\"so-panel widget widget_sow-image panel-first-child\" data-index=\"9\" ><div\n\t\t\t\n\t\t\tclass=\"so-widget-sow-image so-widget-sow-image-default-8b5b6f678277-335\"\n\t\t\t\n\t\t>\n<div class=\"sow-image-container\">\n\t\t\t<a href=\"http:\/\/www.projektforum.ch\"\n\t\t\ttarget=\"_blank\" rel=\"noopener noreferrer\" \t\t>\n\t\t\t<img \n\tsrc=\"https:\/\/www.frei-stil.ch\/wp-content\/uploads\/2024\/12\/Logo-ProjektForum-NoBorder-vek-300x51.png\" width=\"300\" height=\"51\" srcset=\"https:\/\/www.frei-stil.ch\/wp-content\/uploads\/2024\/12\/Logo-ProjektForum-NoBorder-vek-300x51.png 300w, https:\/\/www.frei-stil.ch\/wp-content\/uploads\/2024\/12\/Logo-ProjektForum-NoBorder-vek.png 595w\" sizes=\"(max-width: 300px) 100vw, 300px\" alt=\"\" \t\tclass=\"so-widget-image\"\/>\n\t\t\t<\/a><\/div>\n\n<\/div><\/div><div id=\"panel-335-6-0-1\" class=\"so-panel widget widget_black-studio-tinymce widget_black_studio_tinymce panel-last-child\" data-index=\"10\" ><div class=\"textwidget\"><p class=\"member-role\" style=\"text-align: left;\"><span style=\"color: #242424;\"><strong>ProjektForum AG<\/strong><\/span><br \/>\nPartizipation und Prozessgestaltung<\/p>\n<p class=\"member-role\" style=\"text-align: left;\">freistil und ProjektForum haben zum Beispiel im Rahmen der Projekte <a href=\"https:\/\/www.frei-stil.ch\/index.php\/project\/auf-stehen\/\">Aufstehen<\/a>, <a href=\"http:\/\/www.lunchidee.ch\">lunchidee<\/a> und <a href=\"https:\/\/www.frei-stil.ch\/index.php\/project\/pep-gemeinsam-essen\/\">PEP Gemeinsam Essen<\/a> zusammengearbeitet. Zudem hat ProjektForum diverse Prozesse begleitet und freistil in Fragen rund um Kommunikation und Public Relations beraten.<\/p>\n<\/div><\/div><\/div><div id=\"pgc-335-6-1\"  class=\"panel-grid-cell\" ><div id=\"panel-335-6-1-0\" class=\"so-panel widget widget_sow-image panel-first-child\" data-index=\"11\" ><div\n\t\t\t\n\t\t\tclass=\"so-widget-sow-image so-widget-sow-image-default-8b5b6f678277-335\"\n\t\t\t\n\t\t>\n<div class=\"sow-image-container\">\n\t\t\t<a href=\"http:\/\/www.chragokyberneticks.ch\/\"\n\t\t\ttarget=\"_blank\" rel=\"noopener noreferrer\" \t\t>\n\t\t\t<img \n\tsrc=\"https:\/\/www.frei-stil.ch\/wp-content\/uploads\/2016\/05\/chragokyberneticks_logo.png\" width=\"245\" height=\"154\" sizes=\"(max-width: 245px) 100vw, 245px\" alt=\"\" \t\tclass=\"so-widget-image\"\/>\n\t\t\t<\/a><\/div>\n\n<\/div><\/div><div id=\"panel-335-6-1-1\" class=\"so-panel widget widget_black-studio-tinymce widget_black_studio_tinymce panel-last-child\" data-index=\"12\" ><div class=\"textwidget\"><p class=\"member-role\" style=\"text-align: left;\"><span style=\"color: #242424;\"><strong>Chragokyberneticks<\/strong><\/span><br \/>\nGraphikdesign<\/p>\n<p>Ein kleines Graphikdesignb\u00fcro im Herzen von Bern. Christoph Frei illustriert und gestaltet f\u00fcr Druck und Web. Graphisch umgesetzte Projekte mit Christoph: <a href=\"https:\/\/www.frei-stil.ch\/index.php\/project\/auf-stehen\/\">Aufstehen<\/a> und <a href=\"https:\/\/www.frei-stil.ch\/index.php\/project\/rezepte-fuer-die-zukunft\/\">Rezepte f\u00fcr die Zukunft<\/a>.<\/p>\n<p class=\"member-role\" style=\"text-align: left;\">\n<\/div><\/div><\/div><\/div><\/div><\/div>","protected":false},"excerpt":{"rendered":"<p>Dienstleistungen freistil bietet ein breites Dienstleistungsangebot in den Fachgebieten Gesundheitsf\u00f6rderung und nachhaltige Entwicklung. Der Fokus liegt auf den Themen Ern\u00e4hrung und Bewegung. Haben Sie Interesse oder Fragen zum Angebot? &gt;&gt; KONTAKT \u00a0<\/p>\n","protected":false},"author":1,"featured_media":0,"parent":0,"menu_order":0,"comment_status":"closed","ping_status":"closed","template":"","meta":{"footnotes":""},"class_list":["post-335","page","type-page","status-publish","hentry"],"_links":{"self":[{"href":"https:\/\/www.frei-stil.ch\/index.php\/wp-json\/wp\/v2\/pages\/335","targetHints":{"allow":["GET"]}}],"collection":[{"href":"https:\/\/www.frei-stil.ch\/index.php\/wp-json\/wp\/v2\/pages"}],"about":[{"href":"https:\/\/www.frei-stil.ch\/index.php\/wp-json\/wp\/v2\/types\/page"}],"author":[{"embeddable":true,"href":"https:\/\/www.frei-stil.ch\/index.php\/wp-json\/wp\/v2\/users\/1"}],"replies":[{"embeddable":true,"href":"https:\/\/www.frei-stil.ch\/index.php\/wp-json\/wp\/v2\/comments?post=335"}],"version-history":[{"count":257,"href":"https:\/\/www.frei-stil.ch\/index.php\/wp-json\/wp\/v2\/pages\/335\/revisions"}],"predecessor-version":[{"id":4557,"href":"https:\/\/www.frei-stil.ch\/index.php\/wp-json\/wp\/v2\/pages\/335\/revisions\/4557"}],"wp:attachment":[{"href":"https:\/\/www.frei-stil.ch\/index.php\/wp-json\/wp\/v2\/media?parent=335"}],"curies":[{"name":"wp","href":"https:\/\/api.w.org\/{rel}","templated":true}]}}