{"id":245,"date":"2016-05-01T08:28:36","date_gmt":"2016-05-01T06:28:36","guid":{"rendered":"http:\/\/create.themetrust.com\/?page_id=245"},"modified":"2023-09-06T11:22:53","modified_gmt":"2023-09-06T09:22:53","slug":"portrait-2","status":"publish","type":"page","link":"https:\/\/www.frei-stil.ch\/index.php\/portrait-2\/","title":{"rendered":"Portrait"},"content":{"rendered":"<div id=\"pl-245\"  class=\"panel-layout\" ><div id=\"pg-245-0\"  class=\"panel-grid panel-has-style\" ><div class=\"siteorigin-panels-stretch parallax-section row-69fb253dd314e panel-row-style panel-row-style-for-245-0\" style=\"background-image: url(https:\/\/www.frei-stil.ch\/wp-content\/uploads\/2017\/03\/Home_Slide3.jpg);padding-top: 100px; padding-bottom: 100px; \" data-stretch-type=\"full\" data-parallax-image=\"https:\/\/www.frei-stil.ch\/wp-content\/uploads\/2017\/03\/Home_Slide3.jpg\" data-parallax-id=\".row-69fb253dd314e\" ><div id=\"pgc-245-0-0\"  class=\"panel-grid-cell\" ><div id=\"panel-245-0-0-0\" class=\"so-panel widget widget_black-studio-tinymce widget_black_studio_tinymce panel-first-child panel-last-child\" data-index=\"0\" ><div class=\"panel-widget-style panel-widget-style-for-245-0-0-0\" ><div class=\"textwidget\"><h2 style=\"text-align: left;\">PORTRAIT<\/h2>\n<h3><span style=\"font-size: 21px; color: #00cc99;\">SOPHIE FREI<br \/>\n<\/span><\/h3>\n<p style=\"text-align: right;\"><span style=\"color: #737373; font-size: 21px;\">\u00a0<\/span><\/p>\n<\/div><\/div><\/div><\/div><\/div><\/div><div id=\"pg-245-1\"  class=\"panel-grid panel-has-style\" ><div class=\"siteorigin-panels-stretch panel-row-style panel-row-style-for-245-1\" style=\"padding-top: 50px; padding-bottom: 50px; padding-left: 0px; padding-right: 0px; \" data-stretch-type=\"full\" ><div id=\"pgc-245-1-0\"  class=\"panel-grid-cell\" ><div id=\"panel-245-1-0-0\" class=\"so-panel widget widget_sow-image panel-first-child panel-last-child\" data-index=\"1\" ><div class=\"panel-widget-style panel-widget-style-for-245-1-0-0\" ><div\n\t\t\t\n\t\t\tclass=\"so-widget-sow-image so-widget-sow-image-default-dbf295114b96-245\"\n\t\t\t\n\t\t>\n<div class=\"sow-image-container\">\n\t\t<img \n\tsrc=\"https:\/\/www.frei-stil.ch\/wp-content\/uploads\/2023\/08\/Portrait_SophieFrei_082023_kompr-scaled.jpg\" width=\"2560\" height=\"1707\" srcset=\"https:\/\/www.frei-stil.ch\/wp-content\/uploads\/2023\/08\/Portrait_SophieFrei_082023_kompr-scaled.jpg 2560w, https:\/\/www.frei-stil.ch\/wp-content\/uploads\/2023\/08\/Portrait_SophieFrei_082023_kompr-300x200.jpg 300w, https:\/\/www.frei-stil.ch\/wp-content\/uploads\/2023\/08\/Portrait_SophieFrei_082023_kompr-1024x683.jpg 1024w\" sizes=\"(max-width: 2560px) 100vw, 2560px\" title=\"Portrait_SophieFrei_082023_kompr\" alt=\"\" \t\tclass=\"so-widget-image\"\/>\n\t<\/div>\n\n<\/div><\/div><\/div><\/div><div id=\"pgc-245-1-1\"  class=\"panel-grid-cell\" ><div id=\"panel-245-1-1-0\" class=\"so-panel widget widget_black-studio-tinymce widget_black_studio_tinymce panel-first-child panel-last-child\" data-index=\"2\" ><div class=\"panel-widget-style panel-widget-style-for-245-1-1-0\" ><div class=\"textwidget\"><div class=\"page\" title=\"Page 6\">\n<div class=\"layoutArea\">\n<p class=\"column\">Hinter freistil steht Sophie Frei. Seit 2005 lebt und arbeitet Sophie in Bern als Ern\u00e4hrungswissenschaftlerin in den Bereichen Gesundheitsf\u00f6rderung und Nachhaltige Entwicklung. Nach der Leitung der nationalen Projektf\u00f6rderstelle Suisse Balance, getragen vom Bundesamt f\u00fcr Gesundheit und von Gesundheitsf\u00f6rderung Schweiz, arbeitete sie bei der Schweizerischen Gesellschaft f\u00fcr Ern\u00e4hrung und verfasste dort Handlungsempfehlungen f\u00fcr eine nachhaltige Ern\u00e4hrung. 2014 entschied sie sich f\u00fcr die Selbstst\u00e4ndigkeit, gr\u00fcndete freistil und bildete sich an der Universit\u00e4t Bern im Bereich Nachhaltige Entwicklung weiter.<\/p>\n<p class=\"column\">Sophie interessiert sich insbesondere f\u00fcr die Auswirkungen des Ern\u00e4hrungs- und Bewegungsverhaltens auf die Gesundheit, die Umwelt und die Gesellschaft und engagiert sich mit ihren Auftr\u00e4gen und Projekten, wie <a href=\"http:\/\/www.healthy3.ch\" target=\"_blank\" rel=\"noopener\">healthy3.ch<\/a> oder <a href=\"http:\/\/www.lunchidee.ch\" target=\"_blank\" rel=\"noopener\">lunchidee.ch<\/a>, f\u00fcr eine bewusste, vielf\u00e4ltige und nachhaltige Esskultur sowie einen bewegten Alltag. Die Arbeit an der Schnittstelle zwischen Theorie und Praxis und die \u00dcbersetzung von wissenschaftlichen Grundlagen in klare und zielgruppengerechte Informationen und Aktionen, bereiten ihr Freude.<\/p>\n<p>&gt;&gt; <a href=\"https:\/\/www.frei-stil.ch\/index.php\/angebot\/\">Angebot<\/a> &amp; <a href=\"https:\/\/www.frei-stil.ch\/index.php\/referenzen-2\/\">Referenzen <\/a><\/div>\n<\/div>\n<\/div><\/div><\/div><\/div><\/div><\/div><div id=\"pg-245-2\"  class=\"panel-grid panel-has-style\" ><div class=\"siteorigin-panels-stretch equal-column-height panel-row-style panel-row-style-for-245-2\" style=\"padding-top: 0px; padding-bottom: 0px; padding-left: 0px; padding-right: 0px; \" data-stretch-type=\"full-stretched\" ><div id=\"pgc-245-2-0\"  class=\"panel-grid-cell\" ><div id=\"panel-245-2-0-0\" class=\"so-panel widget widget_black-studio-tinymce widget_black_studio_tinymce panel-first-child panel-last-child\" data-index=\"3\" ><div class=\"panel-widget-style panel-widget-style-for-245-2-0-0\" ><div class=\"textwidget\"><h3><span style=\"color: #ffffff;\">Sophies Welt<br \/>\n<\/span><\/h3>\n<p>Essen und Trinken verbindet Sophie vor allem mit gutem Geschmack, bewusstem Genuss und Qualit\u00e4t. Seit vielen Jahren setzt sie sich leidenschaftlich mit den Themen Ern\u00e4hrung, Esskultur, Gesundheit, Nachhaltigkeit, Gastronomie und Kulinarik auseinander. Neugier, Diversit\u00e4t und Freude sind ihr dabei wichtig \u2013 genauso wie ein verantwortungsbewusster, wertsch\u00e4tzender Umgang mit Lebensmitteln, der Umwelt und mit sich selbst. Denn Essen hat neben der k\u00f6rperlichen auch eine wichtige psychische, gemeinschaftsbildende, kulturelle, \u00f6kologische, \u00f6konomische und politische Bedeutung und wirkt in verschiedenste Bereiche menschlichen Lebens hinein.<\/p>\n<p>Auch Bewegung geh\u00f6rt zu Sophies beruflichem und privaten Alltag. K\u00f6rperlich aktiv zu sein bedeutet f\u00fcr sie \u2013 neben Wohlbefinden \u2013 vor allem Freude in der Natur zu sein, ein gutes K\u00f6rpergef\u00fchl, Erholung und mentale Gesundheit.<\/p>\n<\/div><\/div><\/div><\/div><div id=\"pgc-245-2-1\"  class=\"panel-grid-cell\" ><div id=\"panel-245-2-1-0\" class=\"so-panel widget widget_ttrust_spacer create-spacer panel-first-child panel-last-child\" data-index=\"4\" ><div class=\"panel-widget-style panel-widget-style-for-245-2-1-0\" >\t\t\t\t<div id=\"widget-2-1-0\" class=\"create-spacer\" style=\"height: 250px;\"><\/div>\n\t\t\t<\/div><\/div><\/div><\/div><\/div><div id=\"pg-245-3\"  class=\"panel-grid panel-has-style\" ><div class=\"siteorigin-panels-stretch panel-row-style panel-row-style-for-245-3\" style=\"padding-top: 50px; \" data-stretch-type=\"full\" ><div id=\"pgc-245-3-0\"  class=\"panel-grid-cell panel-grid-cell-empty\" ><\/div><div id=\"pgc-245-3-1\"  class=\"panel-grid-cell panel-grid-cell-mobile-last\" ><div id=\"panel-245-3-1-0\" class=\"so-panel widget widget_black-studio-tinymce widget_black_studio_tinymce panel-first-child panel-last-child\" data-index=\"5\" ><div class=\"textwidget\"><h3 style=\"text-align: center;\"><span style=\"color: #242424;\">HINTERGRUNDINFORMATIONEN<br \/><\/span><\/h3>\n<p style=\"text-align: center;\">Eine Auswahl nationaler und internationaler Grundlagendokumente und Strategien zu Gesundheitsf\u00f6rderung und nachhaltiger Entwicklung:<\/p>\n<p style=\"text-align: center;\">\u00a0<\/p>\n<\/div><\/div><\/div><div id=\"pgc-245-3-2\"  class=\"panel-grid-cell panel-grid-cell-empty\" ><\/div><\/div><\/div><div id=\"pg-245-4\"  class=\"panel-grid panel-no-style\" ><div id=\"pgc-245-4-0\"  class=\"panel-grid-cell\" ><div id=\"panel-245-4-0-0\" class=\"so-panel widget widget_sow-features panel-first-child panel-last-child\" data-index=\"6\" ><div class=\"panel-widget-style panel-widget-style-for-245-4-0-0\" ><div\n\t\t\t\n\t\t\tclass=\"so-widget-sow-features so-widget-sow-features-default-324e97f79470-245\"\n\t\t\t\n\t\t><ul\n\tclass=\"sow-features-list\n\tsow-features-responsive\">\n\n\t\t\t<li\n\t\t\tclass=\"sow-features-feature sow-icon-container-position-top\"\n\t\t\tstyle=\"display: flex; flex-direction: column; width: calc(25% - 25px);\"\n\t\t>\n\t\t\t\n\t\t\t\t\t\t<a\t\t\t\tclass=\"sow-icon-container sow-container-none\"\n\t\t\t\tstyle=\"color: ; \"\n\t\t\t\t\n\t\t\t\t\t\t\t\t\thref=\"http:\/\/www.euro.who.int\/de\/publications\/policy-documents\/ottawa-charter-for-health-promotion,-1986\"\n\t\t\t\t\ttarget=\"_blank\" rel=\"noopener noreferrer\"\t\t\t>\n\t\t\t\t<span class=\"sow-icon-fontawesome sow-far\" data-sow-icon=\"&#xf15c;\"\n\t\tstyle=\"font-size: 35px; color: #00cc99\" \n\t\taria-hidden=\"true\"><\/span>\t\t\t<\/a>\n\n\t\t\t<div class=\"textwidget\">\n\t\t\t\t\n\t\t\t\t\t\t\t\t\t<h5 class=\"sow-features-feature-title\">\n\t\t\t\t\t\t\t\t\t\t\t\t\t<a\n\t\t\t\t\t\t\t\thref=\"http:\/\/www.euro.who.int\/de\/publications\/policy-documents\/ottawa-charter-for-health-promotion,-1986\"\n\t\t\t\t\t\t\t\ttarget=\"_blank\" rel=\"noopener noreferrer\"\t\t\t\t\t\t\t>\n\t\t\t\t\t\t\tOttawa-Charta zur Gesundheitsf\u00f6rderung\t\t\t\t\t\t\t<\/a>\n\t\t\t\t\t\t\t\t\t\t\t\t<\/h5>\n\t\t\t\t\n\t\t\t\t\t\t\t\t\t<div class=\"sow-features-feature-text\">\n\t\t\t\t\t<p>WHO Europa (1986)<\/p>\n\t\t\t\t\t<\/div>\n\t\t\t\t\t\t\t\t<\/div>\n\t\t\t\t\t\t\t\t<\/li>\n\n\t\t\t<li\n\t\t\tclass=\"sow-features-feature sow-icon-container-position-top\"\n\t\t\tstyle=\"display: flex; flex-direction: column; width: calc(25% - 25px);\"\n\t\t>\n\t\t\t\n\t\t\t\t\t\t<a\t\t\t\tclass=\"sow-icon-container sow-container-none\"\n\t\t\t\tstyle=\"color: ; \"\n\t\t\t\t\n\t\t\t\t\t\t\t\t\thref=\"https:\/\/www.frei-stil.ch\/wp-content\/uploads\/2016\/05\/Grundlagendokumente_TheFoodSystem_WhitePaper_GFCH2010.pdf\"\n\t\t\t\t\ttarget=\"_blank\" rel=\"noopener noreferrer\"\t\t\t>\n\t\t\t\t<span class=\"sow-icon-fontawesome sow-far\" data-sow-icon=\"&#xf15c;\"\n\t\tstyle=\"font-size: 35px; color: #00cc99\" \n\t\taria-hidden=\"true\"><\/span>\t\t\t<\/a>\n\n\t\t\t<div class=\"textwidget\">\n\t\t\t\t\n\t\t\t\t\t\t\t\t\t<h5 class=\"sow-features-feature-title\">\n\t\t\t\t\t\t\t\t\t\t\t\t\t<a\n\t\t\t\t\t\t\t\thref=\"https:\/\/www.frei-stil.ch\/wp-content\/uploads\/2016\/05\/Grundlagendokumente_TheFoodSystem_WhitePaper_GFCH2010.pdf\"\n\t\t\t\t\t\t\t\ttarget=\"_blank\" rel=\"noopener noreferrer\"\t\t\t\t\t\t\t>\n\t\t\t\t\t\t\tWhite Paper: The Food System\t\t\t\t\t\t\t<\/a>\n\t\t\t\t\t\t\t\t\t\t\t\t<\/h5>\n\t\t\t\t\n\t\t\t\t\t\t\t\t\t<div class=\"sow-features-feature-text\">\n\t\t\t\t\t<p>Health Promotion Switzerland (2010)<\/p>\n\t\t\t\t\t<\/div>\n\t\t\t\t\t\t\t\t<\/div>\n\t\t\t\t\t\t\t\t<\/li>\n\n\t\t\t<li\n\t\t\tclass=\"sow-features-feature sow-icon-container-position-top\"\n\t\t\tstyle=\"display: flex; flex-direction: column; width: calc(25% - 25px);\"\n\t\t>\n\t\t\t\n\t\t\t\t\t\t<a\t\t\t\tclass=\"sow-icon-container sow-container-none\"\n\t\t\t\tstyle=\"color: ; \"\n\t\t\t\t\n\t\t\t\t\t\t\t\t\thref=\"https:\/\/www.thelancet.com\/journals\/lancet\/article\/PIIS0140-6736(18)31788-4\/fulltext\"\n\t\t\t\t\ttarget=\"_blank\" rel=\"noopener noreferrer\"\t\t\t>\n\t\t\t\t<span class=\"sow-icon-fontawesome sow-far\" data-sow-icon=\"&#xf15c;\"\n\t\tstyle=\"font-size: 35px; color: #00cc99\" \n\t\taria-hidden=\"true\"><\/span>\t\t\t<\/a>\n\n\t\t\t<div class=\"textwidget\">\n\t\t\t\t\n\t\t\t\t\t\t\t\t\t<h5 class=\"sow-features-feature-title\">\n\t\t\t\t\t\t\t\t\t\t\t\t\t<a\n\t\t\t\t\t\t\t\thref=\"https:\/\/www.thelancet.com\/journals\/lancet\/article\/PIIS0140-6736(18)31788-4\/fulltext\"\n\t\t\t\t\t\t\t\ttarget=\"_blank\" rel=\"noopener noreferrer\"\t\t\t\t\t\t\t>\n\t\t\t\t\t\t\tThe EAT-Lancet Commission on healthy diets from sustainable food systems\t\t\t\t\t\t\t<\/a>\n\t\t\t\t\t\t\t\t\t\t\t\t<\/h5>\n\t\t\t\t\n\t\t\t\t\t\t\t\t\t<div class=\"sow-features-feature-text\">\n\t\t\t\t\t<p>The Lancet (2019)<\/p>\n\t\t\t\t\t<\/div>\n\t\t\t\t\t\t\t\t<\/div>\n\t\t\t\t\t\t\t\t<\/li>\n\n\t\t\t<li\n\t\t\tclass=\"sow-features-feature sow-icon-container-position-top\"\n\t\t\tstyle=\"display: flex; flex-direction: column; width: calc(25% - 25px);\"\n\t\t>\n\t\t\t\n\t\t\t\t\t\t<a\t\t\t\tclass=\"sow-icon-container sow-container-none\"\n\t\t\t\tstyle=\"color: #404040; \"\n\t\t\t\t\n\t\t\t\t\t\t\t\t\thref=\"http:\/\/www.milanurbanfoodpolicypact.org\/\"\n\t\t\t\t\ttarget=\"_blank\" rel=\"noopener noreferrer\"\t\t\t>\n\t\t\t\t<span class=\"sow-icon-fontawesome sow-far\" data-sow-icon=\"&#xf15c;\"\n\t\tstyle=\"font-size: 35px; color: #00cc99\" \n\t\taria-hidden=\"true\"><\/span>\t\t\t<\/a>\n\n\t\t\t<div class=\"textwidget\">\n\t\t\t\t\n\t\t\t\t\t\t\t\t\t<h5 class=\"sow-features-feature-title\">\n\t\t\t\t\t\t\t\t\t\t\t\t\t<a\n\t\t\t\t\t\t\t\thref=\"http:\/\/www.milanurbanfoodpolicypact.org\/\"\n\t\t\t\t\t\t\t\ttarget=\"_blank\" rel=\"noopener noreferrer\"\t\t\t\t\t\t\t>\n\t\t\t\t\t\t\tMilan Urban Food Policy Pact\t\t\t\t\t\t\t<\/a>\n\t\t\t\t\t\t\t\t\t\t\t\t<\/h5>\n\t\t\t\t\n\t\t\t\t\t\t\t\t\t<div class=\"sow-features-feature-text\">\n\t\t\t\t\t<p>a pact signed by 137 cities worldwide (2015)<\/p>\n\t\t\t\t\t<\/div>\n\t\t\t\t\t\t\t\t<\/div>\n\t\t\t\t\t\t\t\t<\/li>\n\n\t\t\t<li\n\t\t\tclass=\"sow-features-feature sow-icon-container-position-top\"\n\t\t\tstyle=\"display: flex; flex-direction: column; width: calc(25% - 25px);\"\n\t\t>\n\t\t\t\n\t\t\t\t\t\t<a\t\t\t\tclass=\"sow-icon-container sow-container-none\"\n\t\t\t\tstyle=\"color: ; \"\n\t\t\t\t\n\t\t\t\t\t\t\t\t\thref=\"https:\/\/www.eda.admin.ch\/agenda2030\/de\/home\/agenda-2030\/die-17-ziele-fuer-eine-nachhaltige-entwicklung.html\"\n\t\t\t\t\ttarget=\"_blank\" rel=\"noopener noreferrer\"\t\t\t>\n\t\t\t\t<span class=\"sow-icon-fontawesome sow-far\" data-sow-icon=\"&#xf15c;\"\n\t\tstyle=\"font-size: 35px; color: #00cc99\" \n\t\taria-hidden=\"true\"><\/span>\t\t\t<\/a>\n\n\t\t\t<div class=\"textwidget\">\n\t\t\t\t\n\t\t\t\t\t\t\t\t\t<h5 class=\"sow-features-feature-title\">\n\t\t\t\t\t\t\t\t\t\t\t\t\t<a\n\t\t\t\t\t\t\t\thref=\"https:\/\/www.eda.admin.ch\/agenda2030\/de\/home\/agenda-2030\/die-17-ziele-fuer-eine-nachhaltige-entwicklung.html\"\n\t\t\t\t\t\t\t\ttarget=\"_blank\" rel=\"noopener noreferrer\"\t\t\t\t\t\t\t>\n\t\t\t\t\t\t\tSustainable Development Goals (SDGs)\t\t\t\t\t\t\t<\/a>\n\t\t\t\t\t\t\t\t\t\t\t\t<\/h5>\n\t\t\t\t\n\t\t\t\t\t\t\t\t\t<div class=\"sow-features-feature-text\">\n\t\t\t\t\t<p>United Nations (2015)<\/p>\n\t\t\t\t\t<\/div>\n\t\t\t\t\t\t\t\t<\/div>\n\t\t\t\t\t\t\t\t<\/li>\n\n\t\t\t<li\n\t\t\tclass=\"sow-features-feature sow-icon-container-position-top\"\n\t\t\tstyle=\"display: flex; flex-direction: column; width: calc(25% - 25px);\"\n\t\t>\n\t\t\t\n\t\t\t\t\t\t<a\t\t\t\tclass=\"sow-icon-container sow-container-none\"\n\t\t\t\tstyle=\"color: ; \"\n\t\t\t\t\n\t\t\t\t\t\t\t\t\thref=\"https:\/\/www.are.admin.ch\/sne\"\n\t\t\t\t\ttarget=\"_blank\" rel=\"noopener noreferrer\"\t\t\t>\n\t\t\t\t<span class=\"sow-icon-fontawesome sow-far\" data-sow-icon=\"&#xf15c;\"\n\t\tstyle=\"font-size: 35px; color: #00cc99\" \n\t\taria-hidden=\"true\"><\/span>\t\t\t<\/a>\n\n\t\t\t<div class=\"textwidget\">\n\t\t\t\t\n\t\t\t\t\t\t\t\t\t<h5 class=\"sow-features-feature-title\">\n\t\t\t\t\t\t\t\t\t\t\t\t\t<a\n\t\t\t\t\t\t\t\thref=\"https:\/\/www.are.admin.ch\/sne\"\n\t\t\t\t\t\t\t\ttarget=\"_blank\" rel=\"noopener noreferrer\"\t\t\t\t\t\t\t>\n\t\t\t\t\t\t\tStrategie nachhaltige Entwicklung 2030\t\t\t\t\t\t\t<\/a>\n\t\t\t\t\t\t\t\t\t\t\t\t<\/h5>\n\t\t\t\t\n\t\t\t\t\t\t\t\t\t<div class=\"sow-features-feature-text\">\n\t\t\t\t\t<p>Bundesamt f\u00fcr Raumentwicklung ARE (2021)<\/p>\n\t\t\t\t\t<\/div>\n\t\t\t\t\t\t\t\t<\/div>\n\t\t\t\t\t\t\t\t<\/li>\n\n\t\t\t<li\n\t\t\tclass=\"sow-features-feature sow-icon-container-position-top\"\n\t\t\tstyle=\"display: flex; flex-direction: column; width: calc(25% - 25px);\"\n\t\t>\n\t\t\t\n\t\t\t\t\t\t<a\t\t\t\tclass=\"sow-icon-container sow-container-none\"\n\t\t\t\tstyle=\"color: ; \"\n\t\t\t\t\n\t\t\t\t\t\t\t\t\thref=\"https:\/\/www.bag.admin.ch\/bag\/de\/home\/strategie-und-politik\/nationale-gesundheitsstrategien\/strategie-nicht-uebertragbare-krankheiten.html\"\n\t\t\t\t\ttarget=\"_blank\" rel=\"noopener noreferrer\"\t\t\t>\n\t\t\t\t<span class=\"sow-icon-fontawesome sow-far\" data-sow-icon=\"&#xf15c;\"\n\t\tstyle=\"font-size: 35px; color: #00cc99\" \n\t\taria-hidden=\"true\"><\/span>\t\t\t<\/a>\n\n\t\t\t<div class=\"textwidget\">\n\t\t\t\t\n\t\t\t\t\t\t\t\t\t<h5 class=\"sow-features-feature-title\">\n\t\t\t\t\t\t\t\t\t\t\t\t\t<a\n\t\t\t\t\t\t\t\thref=\"https:\/\/www.bag.admin.ch\/bag\/de\/home\/strategie-und-politik\/nationale-gesundheitsstrategien\/strategie-nicht-uebertragbare-krankheiten.html\"\n\t\t\t\t\t\t\t\ttarget=\"_blank\" rel=\"noopener noreferrer\"\t\t\t\t\t\t\t>\n\t\t\t\t\t\t\tStrategie zur Pr\u00e4vention nicht\u00fcbertragbarer Krankheiten (NCD)\t\t\t\t\t\t\t<\/a>\n\t\t\t\t\t\t\t\t\t\t\t\t<\/h5>\n\t\t\t\t\n\t\t\t\t\t\t\t\t\t<div class=\"sow-features-feature-text\">\n\t\t\t\t\t<p>Bundesamt f\u00fcr Gesundheit BAG (2016)<\/p>\n\t\t\t\t\t<\/div>\n\t\t\t\t\t\t\t\t<\/div>\n\t\t\t\t\t\t\t\t<\/li>\n\n\t\t\t<li\n\t\t\tclass=\"sow-features-feature sow-icon-container-position-top\"\n\t\t\tstyle=\"display: flex; flex-direction: column; width: calc(25% - 25px);\"\n\t\t>\n\t\t\t\n\t\t\t\t\t\t<a\t\t\t\tclass=\"sow-icon-container sow-container-none\"\n\t\t\t\tstyle=\"color: ; \"\n\t\t\t\t\n\t\t\t\t\t\t\t\t\thref=\"https:\/\/www.who.int\/publications\/i\/item\/9789240015128\"\n\t\t\t\t\ttarget=\"_blank\" rel=\"noopener noreferrer\"\t\t\t>\n\t\t\t\t<span class=\"sow-icon-fontawesome sow-far\" data-sow-icon=\"&#xf15c;\"\n\t\tstyle=\"font-size: 35px; color: #00cc99\" \n\t\taria-hidden=\"true\"><\/span>\t\t\t<\/a>\n\n\t\t\t<div class=\"textwidget\">\n\t\t\t\t\n\t\t\t\t\t\t\t\t\t<h5 class=\"sow-features-feature-title\">\n\t\t\t\t\t\t\t\t\t\t\t\t\t<a\n\t\t\t\t\t\t\t\thref=\"https:\/\/www.who.int\/publications\/i\/item\/9789240015128\"\n\t\t\t\t\t\t\t\ttarget=\"_blank\" rel=\"noopener noreferrer\"\t\t\t\t\t\t\t>\n\t\t\t\t\t\t\tWHO guidelines on physical activity and sedentary behaviour\t\t\t\t\t\t\t<\/a>\n\t\t\t\t\t\t\t\t\t\t\t\t<\/h5>\n\t\t\t\t\n\t\t\t\t\t\t\t\t\t<div class=\"sow-features-feature-text\">\n\t\t\t\t\t<p>World Health Organization (2020)<\/p>\n\t\t\t\t\t<\/div>\n\t\t\t\t\t\t\t\t<\/div>\n\t\t\t\t\t\t\t\t<\/li>\n\n\t<\/ul>\n<\/div><\/div><\/div><\/div><\/div><\/div>","protected":false},"excerpt":{"rendered":"<p>PORTRAIT SOPHIE FREI \u00a0 Hinter freistil steht Sophie Frei. Seit 2005 lebt und arbeitet Sophie in Bern als Ern\u00e4hrungswissenschaftlerin in den Bereichen Gesundheitsf\u00f6rderung und Nachhaltige Entwicklung. Nach der Leitung der nationalen Projektf\u00f6rderstelle Suisse Balance, getragen vom Bundesamt f\u00fcr Gesundheit und von Gesundheitsf\u00f6rderung Schweiz, arbeitete sie bei der Schweizerischen Gesellschaft f\u00fcr Ern\u00e4hrung und verfasste dort Handlungsempfehlungen &hellip; <a href=\"https:\/\/www.frei-stil.ch\/index.php\/portrait-2\/\" title=\"Portrait\" class=\"read-more\">Read More<\/a><\/p>\n","protected":false},"author":1,"featured_media":0,"parent":0,"menu_order":0,"comment_status":"closed","ping_status":"closed","template":"","meta":{"footnotes":""},"class_list":["post-245","page","type-page","status-publish","hentry"],"_links":{"self":[{"href":"https:\/\/www.frei-stil.ch\/index.php\/wp-json\/wp\/v2\/pages\/245","targetHints":{"allow":["GET"]}}],"collection":[{"href":"https:\/\/www.frei-stil.ch\/index.php\/wp-json\/wp\/v2\/pages"}],"about":[{"href":"https:\/\/www.frei-stil.ch\/index.php\/wp-json\/wp\/v2\/types\/page"}],"author":[{"embeddable":true,"href":"https:\/\/www.frei-stil.ch\/index.php\/wp-json\/wp\/v2\/users\/1"}],"replies":[{"embeddable":true,"href":"https:\/\/www.frei-stil.ch\/index.php\/wp-json\/wp\/v2\/comments?post=245"}],"version-history":[{"count":225,"href":"https:\/\/www.frei-stil.ch\/index.php\/wp-json\/wp\/v2\/pages\/245\/revisions"}],"predecessor-version":[{"id":4418,"href":"https:\/\/www.frei-stil.ch\/index.php\/wp-json\/wp\/v2\/pages\/245\/revisions\/4418"}],"wp:attachment":[{"href":"https:\/\/www.frei-stil.ch\/index.php\/wp-json\/wp\/v2\/media?parent=245"}],"curies":[{"name":"wp","href":"https:\/\/api.w.org\/{rel}","templated":true}]}}